{"id":26,"date":"2017-03-24T20:59:47","date_gmt":"2017-03-24T20:59:47","guid":{"rendered":"http:\/\/deboskok.nl\/?page_id=26"},"modified":"2017-03-26T13:27:24","modified_gmt":"2017-03-26T13:27:24","slug":"koken-voor-grote-groepen","status":"publish","type":"page","link":"http:\/\/deboskok.nl\/?page_id=26","title":{"rendered":"Koken voor groepen"},"content":{"rendered":"<p>Voor een grote groep koken is niet zoveel moeilijker als koken voor vier of zes personen. In het begin is het een kwestie van gereedschap, menukeuze en vooral het besef dart je het leven niet moeilijker moet maken dan het al is. Speel op safe. Neem een gerecht dat je kent. Het is heel avontuurlijk om voor een grote groep een gerecht uit te gaan proberen dat je nog nooit eerder hebt gemaakt, maar dan moet je wel gek zijn op stress en kolkende adrenalinestromen door je lichaam.<\/p>\n<h3>Materieel<\/h3>\n<p><em>Branders.<\/em>\u00a0De grootte en het aantal van branders en pannen bepalen je mogelijkheden.<br \/>\nIn de meeste gevallen zul je het moeten doen met twee industriebranders en eventueel nog een gewoon kampeergasstel.<br \/>\nWanneer je die pitten een beetje bewust inzet, kun je daar nog vrij uitgebreid op koken.<\/p>\n<p><em>Pannen.\u00a0<\/em>Met pannen is het prettig wanneer je beschikt over een grote braadpan, een koekenpan met een behoorlijke diameter en eventueel voor de giga-hoeveelheden soep een wasketel. Verder wat gewone kookpannen.<br \/>\nOm voor dieetpati\u00ebnten of vegetari\u00ebrs iets apart klaar te maken is een steelpan (eventueel met anti-aanbaklaag) een handig extraatje.<\/p>\n<p><em>Andere gereedschap.<\/em><\/p>\n<ul>\n<li>Twee of drie snijplanken. Kunststof exemplaren zijn het handigst.<\/li>\n<li>Een paar goede messen met een messenslijper.<\/li>\n<li>Grote houten pollepels<\/li>\n<li>E\u00e9n of twee grote schuimspanen<\/li>\n<li>E\u00e9n frituurschep<\/li>\n<li>Twee of drie sleven (grote opscheplepels) in verschillende maten<\/li>\n<li>E\u00e9n of twee gardes van behoorlijke maat<\/li>\n<li>Een blikopener<\/li>\n<li>wat gewone lepels en vorken<\/li>\n<li>een vergiet<\/li>\n<li>een of twee mengkommen<\/li>\n<li>maatbeker<\/li>\n<li>keukenwekker<\/li>\n<li>groot formaat pureestamper.<\/li>\n<\/ul>\n<p>Beschik je over elektriciteit dan is een snelkoker handig.<\/p>\n<h3><strong>Hoeveelheden<\/strong><\/h3>\n<p>Voor hoeveelheden kun je uitgaan van het volgende schema. Bij een grotere groep vallen kleine en grote eters wel tegen elkaar weg. Wanneer je bij een kleinere groep zeker bent dat er een paar forse eters zijn of dat er hard is gewerkt of gesport, neem dan de porties aan de ruimte kant. Verder eten jongens meestal meer dan meisjes. Houdt er bij kouder weer rekening mee dat er meer gegeten wordt. Dit merk je vooral in de broodmaaltijd.<\/p>\n<p>Bij warm weer heb je meer vocht nodig. Denk daarbij niet alleen aan fris en limonade maar ook eens aan beker drinkbouillon om het zoutgehalte op peil te houden.<\/p>\n<p>&nbsp;<\/p>\n<table>\n<tbody>\n<tr>\n<td width=\"132\"><\/td>\n<td width=\"123\">kinderen<\/p>\n<p><strong>4-12 Jaar<\/strong><\/td>\n<td width=\"142\">tieners<\/p>\n<p><strong>12-2O Jaar<\/strong><\/td>\n<td width=\"142\">volwassenen<\/td>\n<\/tr>\n<tr>\n<td width=\"132\"><strong>Brood<\/strong><\/td>\n<td width=\"123\">3-5 sneetjes<\/td>\n<td width=\"142\">5-8 sneetjes<\/td>\n<td width=\"142\">5-7 sneetjes<\/td>\n<\/tr>\n<tr>\n<td width=\"132\"><strong>Aardappels<\/strong><\/td>\n<td width=\"123\">1-4 stuks<\/p>\n<p>(50-200 gram)<\/td>\n<td width=\"142\">4-6 stuks<\/p>\n<p>(200-300 gram)<\/td>\n<td width=\"142\">3-5 stuks<\/p>\n<p>(1 50-250 gram<\/td>\n<\/tr>\n<tr>\n<td width=\"132\"><strong>Rijst of pasta<\/strong><\/td>\n<td width=\"123\">80 gram<\/td>\n<td width=\"142\">80-100 gram<\/td>\n<td width=\"142\">80-100 gram<\/td>\n<\/tr>\n<tr>\n<td width=\"132\"><strong>Groente<\/strong><\/td>\n<td width=\"123\">2-3 groentelepels<\/p>\n<p>100-150 gram<\/td>\n<td width=\"142\">3-4 groentelepels<\/p>\n<p>150-200 gram<\/td>\n<td width=\"142\">3-4 groentelepels<\/p>\n<p>150-200 gram<\/td>\n<\/tr>\n<tr>\n<td width=\"132\"><strong>Fruit<\/strong><\/td>\n<td width=\"123\">1-2 vruchten<\/td>\n<td width=\"142\">2 vruchten<\/td>\n<td width=\"142\">2 vruchten<\/td>\n<\/tr>\n<tr>\n<td width=\"132\"><strong>Melk\u00a0 en melkproducten:<\/strong><\/td>\n<td width=\"123\">2-3 glazen<\/p>\n<p>300-450 ml<\/td>\n<td width=\"142\">2-3 glazen<\/p>\n<p>300-450 ml<\/td>\n<td width=\"142\">2-3 glazen 300-450 ml<\/td>\n<\/tr>\n<tr>\n<td width=\"132\"><strong>Kaas<\/strong><\/td>\n<td width=\"123\">1 \u00bd\u00a0 &#8211; 1 plak<\/p>\n<p>10-20 gram<\/td>\n<td width=\"142\">1 &#8211; 2 plakken<\/p>\n<p>20-40 gram<\/td>\n<td width=\"142\">1 &#8211; 2 plakken<\/p>\n<p>20-40 gram<\/td>\n<\/tr>\n<tr>\n<td width=\"132\"><strong>Vlees, vis, kip, tahoe of tempeh:<\/strong><\/td>\n<td width=\"123\">65-1 00 gram<\/p>\n<p>50-75 gram gaar<\/td>\n<td width=\"142\">100 gram<\/p>\n<p>75 gram gaar<\/td>\n<td width=\"142\">100 gram<\/p>\n<p>75 gram gaar<\/td>\n<\/tr>\n<tr>\n<td width=\"132\"><strong>Vleeswaar:<\/strong><\/td>\n<td width=\"123\">\u00bd &#8211; 1 plakje<\/p>\n<p>10-15 gram<\/td>\n<td width=\"142\">1 &#8211; 2-plakjes<\/p>\n<p>15-30 gram<\/td>\n<td width=\"142\">1 -2 plakjes<\/p>\n<p>15-30 gram<\/td>\n<\/tr>\n<tr>\n<td width=\"132\"><strong>Halvarine op brood:<\/strong><\/td>\n<td width=\"123\">5 gram per sneetje brood<\/td>\n<td width=\"142\">5 gram per sneetje brood<\/td>\n<td width=\"142\">5 gram per sneetje brood<\/td>\n<\/tr>\n<tr>\n<td width=\"132\"><strong>Margarine voor de bereiding:<\/strong><\/td>\n<td width=\"123\">15 gram<\/td>\n<td width=\"142\">15 gram<\/td>\n<td width=\"142\">15 gram<\/td>\n<\/tr>\n<tr>\n<td width=\"132\"><strong>Vocht:<\/strong><\/td>\n<td width=\"123\">1\u00bd\u00a0 liter<\/td>\n<td width=\"142\">1\u00bd liter<\/td>\n<td width=\"142\">1\u00bd liter<\/td>\n<\/tr>\n<\/tbody>\n<\/table>\n<p>&nbsp;<\/p>\n<h3><strong>Menu<\/strong><\/h3>\n<p>Er zijn twee factoren die je menukeuze bepalen: je eigen gemak en de smaak van de eters.<br \/>\nKook je voor jonge kinderen\u00a0ga dan niet al te wild te werk. In die leeftijd zijn ze wat betreft eten nog niet al te avontuurlijk.<\/p>\n<p>Houd er bij je menukeuze ook rekening mee dat je makkelijk een parallel-traject in kunt zetten voor \u00e9\u00e9n of twee vegetari\u00ebrs.<\/p>\n<p>Bij gemakkelijk koken, kun je denken aan rijst (mits je de juiste soort gebruikt), panklare groenten, rauwkost, appelmoes uit pot of blik.<\/p>\n<p>Bij lastig koken, denk je aan ingredi\u00ebnten die veel voorbereiding vragen of die erg snel tot pap koken of aanbranden.<\/p>\n<h3><strong>Diverse stamppotten<\/strong><\/h3>\n<p>Het prettige van stamppotten, waar we voor het gemak de aardappelpuree ook maar toe rekenen, is dat je de aardappelen niet hoeft te gaan pitten. Dat scheelt op 10 kilo aardappels of meer een saai en langdradig karweitje. Kun je geschrapte aardappels kopen, wat altijd is aan te raden, dan heb je er weinig voorbereiding aan. Alleen de wat grotere piepers in stukken snijden.<\/p>\n<p>Een tweede voordeel van stamppotten is dat het geen ramp is wanneer de aardappels onderin de pan te gaar worden. Schep voor de zekerheid de piepers met een grote schuimspaan wel een paar keer om tijdens het koken.<\/p>\n<h3><strong>Keuzevrijheid<\/strong><\/h3>\n<p>Om een uitbraak van de beruchte ziekte lusiknie te omzeilen is het, wanneer je niet absoluut zeker bent dat iedereen het lekker vindt, goed wat variatie te bieden.<\/p>\n<p>Bij het aardappelen-groente-vleesmenu kom je al een heel eind door ook wat appelmoes op tafel te zetten of een bak met sla te maken. Dat geeft de eter een keus extra zonder dat het je een extra pit kost.<\/p>\n<p>Bij stamppotten kun je denken aan een stamppot-buffet. Dat klinkt ingewikkeld maar het is op zich niet zo moeilijk. Dit speelt vooral bij de winterstamppotten, die hun liefhebbers en haters hebben. De een houdt van boerenkool, de ander lust dat niet. Hetzelfde verhaal gaat op voor zuurkool, hutspot en hete bliksem.<\/p>\n<p>Om dat probleem te omzeilen kies je dan\u00a0voor een stamppot-buffet. Afhankelijk van de hoeveelheid pitten en eters bied je twee of meer verschillende stamppotten. Je kookt de aardappels in \u00e9\u00e9n grote pan, de groenten voor de stamppotten kook je in wat kleinere pannen. Kort voor het opdienen stamp je de aardappels door de groenten.<\/p>\n<h3><strong>Allergie\u00ebn<\/strong><\/h3>\n<p>Wanneer je voor een groep kookt, bestaat de kans dat een paar van je eters allergisch zijn voor bepaalde voedingsmiddelen. Hier een paar van die overgevoeligheden op een rij:<\/p>\n<p><u>Kleurstoffen<\/u> Wil bij kinderen wel eens voorkomen. Bij inkoop even opletten op kunstmatige kleurstoffen. In de meeste gevallen zijn er goede en niet duurdere alternatieven. Ook in limonadesiroop en snoep is er bij de gewone supermarkt voldoende keus.<\/p>\n<p><u>Koemelk<\/u>\u00a0\u00a0 Typische melkproducten zijn eventueel te vervangen door producten op basis van sojamelk. Denk er aan dat ook roomboter problemen oplevert en dat veel margarines verrijkt zijn met \u2018droge melkstof bestanddelen\u2019. Vraag even welk merk margarine thuis wordt gebruikt. Koop dat in voor iedereen, dan zit je safe.<\/p>\n<p><u>Coeliakie<\/u> Allergie voor gluten. Rijst mogen ze altijd hebben. Probleem is vooral brood. Deze mensen reageren al op een verdwaald broodkruimeltje in de margarine. Geef hen\u00a0een eigen setje met broodbeleg. Verder moeten ze hun eigen brood of broodvervanger hebben. Glutenvrije broodjes zijn tegenwoordig ook bake-off te koop.<\/p>\n<p><u>Pinda-allergie<\/u>. Lijkt simpel maar is zeer tricky. Pinda\u2019s en vooral pindaolie vind je in veel meer producten dan pindakaas of borrelnootjes. Goedkope slaolie, maar ook margarine wordt gemaakt met pinda of arachide-olie. Ook veel koekjes zijn met deze olie gebakken. Lees dus goed de ingredi\u00ebntenlijst op de etiketten en vraag voor de zekerheid naar het merk margarine dat thuis wordt gebruikt.<\/p>\n<p><u>Suiker<\/u> Behalve diabetes-pati\u00ebnten zijn er nog enkele groepen die problemen hebben met suiker. Goed etiketten lezen en overleggen met de persoon in kwestie. Light-producten zijn vaak wel toegestaan. Soms mogen ook bepaalde vruchtensuikers wel.<\/p>\n<h3><strong>Diverse tips<\/strong><\/h3>\n<p><u>Groene broccoli<\/u>. Om groenten een mooie groene kleur te geven kun je een klein scheutje olie in het kookwater doen. Een beetje bicarbonaat heeft hetzelfde effect.<\/p>\n<p><u>Stevige aardappels<\/u>. Aardappels blijven in het koken steviger wanneer je zeezout in plaats van keukenzout gebruikt.<\/p>\n<p><u>Uitkokende eieren<\/u>. Uitkoken van eieren kun je voorkomen door een gaatje te prikken aan de stompe kant van het ei. Eenvoudiger is om bij het eieren koken een flinke hoeveelheid zout in het kookwater te gooien. Kookt een ei toch stuk dan loopt het niet leeg.<\/p>\n<p><u>Rijst afgieten<\/u> wanneer je het juiste merk rijst gebruikt, heb je geen problemen met afgieten. Lees dus in de winkel de gebruiksaanwijzing op het pak. Bij \u2018slimme\u2019 rijst gebruik je twee keer zoveel water als rijst. Dan hoeven ze niet worden afgegoten. Wel moet de rijst dan blijven koken, d.w.z. de gaspit blijft bezet. Beschik je over een hooikist, dan kun je de rijst zo gaar laten worden.<\/p>\n<p><u>Pasta<\/u>. Om te voorkomen dat het \u00e9\u00e9n grote meelbal wordt, moet je echt ruim water nemen. Dat betekent bijna een liter voor elke 100 gram pasta. Precies beetgaar koken levert geen problemen op wanneer je gebruik maakt van de methode Johannes van Dam. Brengt het water aan de kook, voeg dan pas het zout toe zodat het nog harder gaat koken. Doe de pasta in het kokende water, brengt het opnieuw aan de kook en laat het nog twee minuten stevig doorkoken. Draai nu het gas uit, doe het deksel op de pan en laat het geheel rustig staan gedurende de tijd die voor de pastasoort staat aangegeven. Afgieten en de pasta is precies goed en kleeft niet.<\/p>\n<h3><strong>Recepten<\/strong><\/h3>\n<p>Voor de meeste recepten kom je al een heel eind wanneer je de porties uit het gewone kookboek vermenigvuldigt tot het aantal eters aan je tafel. Alleen bij de opgegeven hoeveelheden vocht en specerijen moet je alles wat krapper nemen.<\/p>\n","protected":false},"excerpt":{"rendered":"<p>Voor een grote groep koken is niet zoveel moeilijker als koken voor vier of zes personen. In het begin is het een kwestie van gereedschap, menukeuze en vooral het besef dart je het leven niet moeilijker moet maken dan het al is. Speel op safe. Neem een gerecht dat je kent. Het is heel avontuurlijk &hellip; <a href=\"http:\/\/deboskok.nl\/?page_id=26\" class=\"more-link\">Lees <span class=\"screen-reader-text\">&#8220;Koken voor groepen&#8221;<\/span> verder<\/a><\/p>\n","protected":false},"author":1,"featured_media":0,"parent":0,"menu_order":5,"comment_status":"closed","ping_status":"closed","template":"","meta":[],"_links":{"self":[{"href":"http:\/\/deboskok.nl\/index.php?rest_route=\/wp\/v2\/pages\/26"}],"collection":[{"href":"http:\/\/deboskok.nl\/index.php?rest_route=\/wp\/v2\/pages"}],"about":[{"href":"http:\/\/deboskok.nl\/index.php?rest_route=\/wp\/v2\/types\/page"}],"author":[{"embeddable":true,"href":"http:\/\/deboskok.nl\/index.php?rest_route=\/wp\/v2\/users\/1"}],"replies":[{"embeddable":true,"href":"http:\/\/deboskok.nl\/index.php?rest_route=%2Fwp%2Fv2%2Fcomments&post=26"}],"version-history":[{"count":4,"href":"http:\/\/deboskok.nl\/index.php?rest_route=\/wp\/v2\/pages\/26\/revisions"}],"predecessor-version":[{"id":78,"href":"http:\/\/deboskok.nl\/index.php?rest_route=\/wp\/v2\/pages\/26\/revisions\/78"}],"wp:attachment":[{"href":"http:\/\/deboskok.nl\/index.php?rest_route=%2Fwp%2Fv2%2Fmedia&parent=26"}],"curies":[{"name":"wp","href":"https:\/\/api.w.org\/{rel}","templated":true}]}}